{"id":1206,"date":"2022-08-09T13:38:11","date_gmt":"2022-08-09T11:38:11","guid":{"rendered":"https:\/\/fimfi.comquid\/?page_id=1206"},"modified":"2022-08-25T16:50:38","modified_gmt":"2022-08-25T14:50:38","slug":"parkmaszynowy","status":"publish","type":"page","link":"https:\/\/fimfi.com\/?page_id=1206","title":{"rendered":"Park Maszynowy"},"content":{"rendered":"<p>[vc_row bg_type=&#8221;image&#8221; parallax_style=&#8221;vcpb-default&#8221; bg_image_new=&#8221;id^1313|url^https:\/\/fimfi.com\/wp-content\/uploads\/2022\/08\/ADF_530_Ki_-_32_01homepage.jpg|caption^null|alt^null|title^ADF_530_Ki_-_32_01homepage|description^null&#8221; bg_image_repeat=&#8221;no-repeat&#8221; bg_override=&#8221;ex-full&#8221; enable_overlay=&#8221;enable_overlay_value&#8221; overlay_color=&#8221;rgba(28,26,26,0.86)&#8221; seperator_enable=&#8221;seperator_enable_value&#8221; seperator_type=&#8221;tilt_left_seperator&#8221; seperator_position=&#8221;bottom_seperator&#8221; seperator_svg_height=&#8221;150&#8243; seperator_shape_background=&#8221;#ffffff&#8221;][vc_column][vc_empty_space height=&#8221;160px&#8221;]<div class=\"ult-animation  ult-animate-viewport  ult-no-mobile \" data-animate=\"fadeInUp\" data-animation-delay=\"0.3\" data-animation-duration=\"1\" data-animation-iteration=\"1\" style=\"opacity:0;\" data-opacity_start_effect=\"\">[vc_custom_heading text=&#8221;Nasz Park Maszynowy&#8221; font_container=&#8221;tag:h2|text_align:left|color:%23fcfcfc&#8221; use_theme_fonts=&#8221;yes&#8221;]<\/div>[vc_empty_space height=&#8221;30px&#8221;]<div class=\"ult-animation  ult-animate-viewport  ult-no-mobile \" data-animate=\"fadeInUp\" data-animation-delay=\"0.3\" data-animation-duration=\"1\" data-animation-iteration=\"1\" style=\"opacity:0;\" data-opacity_start_effect=\"\">[vc_btn title=&#8221;Poznaj nasze maszyny&#8221; style=&#8221;outline-custom&#8221; outline_custom_color=&#8221;__USE_THEME_MAIN_COLOR__&#8221; outline_custom_hover_background=&#8221;__USE_THEME_MAIN_COLOR__&#8221; outline_custom_hover_text=&#8221;#ffffff&#8221; shape=&#8221;square&#8221; size=&#8221;lg&#8221; align=&#8221;left&#8221; link=&#8221;url:%23about|||&#8221; el_class=&#8221;nav-to&#8221;]<\/div>[vc_empty_space height=&#8221;300px&#8221;][\/vc_column][\/vc_row][vc_row css=&#8221;.vc_custom_1531218125315{padding-top: 80px !important;padding-bottom: 100px !important;}&#8221;][vc_column]<div class=\"ult-animation  ult-animate-viewport  ult-no-mobile \" data-animate=\"fadeInUp\" data-animation-delay=\"0.3\" data-animation-duration=\"1\" data-animation-iteration=\"1\" style=\"opacity:0;\" data-opacity_start_effect=\"\">[vc_custom_heading text=&#8221;Produkcja&#8221; font_container=&#8221;tag:h5|text_align:left&#8221; use_theme_fonts=&#8221;yes&#8221;][vc_empty_space height=&#8221;25px&#8221;][vc_column_text]<\/p>\n<p style=\"text-align: justify;\">Produkcja odzie\u017cy dzianej, rozpoczyna si\u0119 od stworzenia programu komputerowego, dzi\u0119ki kt\u00f3remu powstaje dany produkt. Dzi\u0119ki mo\u017cliwo\u015bciom jakie daj\u0105 profesjonalne programy dla maszyn dziewiarskich, MaxV jest w stanie w szybki spos\u00f3b dostosowa\u0107 ka\u017cdy produkt na \u017cyczenie klienta. Firma produkuje odpasowan\u0105 odzie\u017c dzian\u0105, czyli produkty praktycznie bezodpadowe, co oznacza ze dzianina nie jest ci\u0119ta, produkt powstaje poprzez \u0142\u0105czenie gotowych element\u00f3w, dzi\u0119ki czemu jest trwalszy, generowane jest mniej odpad\u00f3w a sama produkcja jest szybsza.<\/p>\n<p>[\/vc_column_text]<\/div><div class=\"ult-spacer spacer-69e01afb191ce\" data-id=\"69e01afb191ce\" data-height=\"0\" data-height-mobile=\"60\" data-height-tab=\"\" data-height-tab-portrait=\"\" data-height-mobile-landscape=\"60\" style=\"clear:both;display:block;\"><\/div>[\/vc_column][\/vc_row][vc_row bg_type=&#8221;image&#8221; parallax_style=&#8221;vcpb-default&#8221; bg_image_new=&#8221;id^1256|url^https:\/\/fimfi.com\/wp-content\/uploads\/2022\/08\/historia_dol.jpg|caption^null|alt^null|title^historia_dol|description^null&#8221; bg_image_repeat=&#8221;no-repeat&#8221; bg_override=&#8221;ex-full&#8221; enable_overlay=&#8221;enable_overlay_value&#8221; overlay_color=&#8221;rgba(28,26,26,0.9)&#8221; css=&#8221;.vc_custom_1660203102862{padding-top: 120px !important;padding-bottom: 120px !important;}&#8221; el_class=&#8221;alma-home-stats&#8221;][vc_column el_class=&#8221;wide-box-mobile&#8221;]<div class=\"ult-animation  ult-animate-viewport  ult-no-mobile \" data-animate=\"fadeInUp\" data-animation-delay=\"0.3\" data-animation-duration=\"1\" data-animation-iteration=\"1\" style=\"opacity:0;\" data-opacity_start_effect=\"\">[vc_row_inner][vc_column_inner width=&#8221;1\/4&#8243;]<div class=\"stats-block stats-left  \"><div class=\"aio-icon-left\"><div class=\"ult-just-icon-wrapper  \"><div class=\"align-icon\" style=\"text-align:center;\">\n<div class=\"aio-icon none \"  style=\"color:#ffffff;font-size:45px;display:inline-block;\">\n\t<i class=\"linearicons-shield-check\"><\/i>\n<\/div><\/div><\/div><\/div><div class=\"stats-desc\" id=\"counter-responsv-wrap-8507\"><div id=\"counter_336900319069e01afb192b2\" data-id=\"counter_336900319069e01afb192b2\"  data-ultimate-target='#counter-responsv-wrap-8507 .stats-number'  data-responsive-json-new='{\"font-size\":\"desktop:30px;\",\"line-height\":\"\"}'  class=\"stats-number ult-responsive\" style=\" color:rgba(255,255,255,0.5); font-family:&#039;Dosis&#039;;font-weight:600;color:#ffffff;\" data-speed=\"3\" data-counter-value=\"30\" data-separator=\"none\" data-decimal=\".\">0<\/div><div id=\"counter_336900319069e01afb192b2\"  data-ultimate-target='#counter-responsv-wrap-8507 .stats-text'  data-responsive-json-new='{\"font-size\":\"desktop:11px;\",\"line-height\":\"desktop:12px;\"}'  class=\"stats-text ult-responsive\" style=\"font-size:px; color:rgba(255,255,255,0.5); font-family:&#039;Heebo&#039;;font-weight:700;\">LAT DO\u015aWIADCZENIA<\/div><\/div><\/div>[\/vc_column_inner][vc_column_inner width=&#8221;1\/4&#8243;]<div class=\"stats-block stats-left  \"><div class=\"aio-icon-left\"><div class=\"ult-just-icon-wrapper  \"><div class=\"align-icon\" style=\"text-align:center;\">\n<div class=\"aio-icon none \"  style=\"color:#ffffff;font-size:45px;display:inline-block;\">\n\t<i class=\"linearicons-shirt\"><\/i>\n<\/div><\/div><\/div><\/div><div class=\"stats-desc\" id=\"counter-responsv-wrap-4200\"><div class=\"counter_prefix mycust ult-responsive\"  data-ultimate-target='#counter-responsv-wrap-4200 .mycust'  data-responsive-json-new='{\"font-size\":\"desktop:30px;\",\"line-height\":\"\"}'  style=\" font-family:&#039;Dosis&#039;;font-weight:600;color:#ffffff\">&gt;<\/div><div id=\"counter_139376816769e01afb192fb\" data-id=\"counter_139376816769e01afb192fb\"  data-ultimate-target='#counter-responsv-wrap-4200 .stats-number'  data-responsive-json-new='{\"font-size\":\"desktop:30px;\",\"line-height\":\"\"}'  class=\"stats-number ult-responsive\" style=\" color:rgba(255,255,255,0.5); font-family:&#039;Dosis&#039;;font-weight:600;color:#ffffff;\" data-speed=\"3\" data-counter-value=\"1000\" data-separator=\"none\" data-decimal=\".\">0<\/div><div id=\"counter_139376816769e01afb192fb\"  data-ultimate-target='#counter-responsv-wrap-4200 .stats-text'  data-responsive-json-new='{\"font-size\":\"desktop:11px;\",\"line-height\":\"desktop:12px;\"}'  class=\"stats-text ult-responsive\" style=\"font-size:px; color:rgba(255,255,255,0.5); font-family:&#039;Heebo&#039;;font-weight:700;\">WDRO\u017bONYCH WZOR\u00d3W<\/div><\/div><\/div>[\/vc_column_inner][vc_column_inner width=&#8221;1\/4&#8243;]<div class=\"ult-spacer spacer-69e01afb1930f\" data-id=\"69e01afb1930f\" data-height=\"0\" data-height-mobile=\"40\" data-height-tab=\"\" data-height-tab-portrait=\"\" data-height-mobile-landscape=\"40\" style=\"clear:both;display:block;\"><\/div><div class=\"stats-block stats-left  \"><div class=\"aio-icon-left\"><div class=\"ult-just-icon-wrapper  \"><div class=\"align-icon\" style=\"text-align:center;\">\n<div class=\"aio-icon none \"  style=\"color:#ffffff;font-size:45px;display:inline-block;\">\n\t<i class=\"Defaults-thumbs-o-up\"><\/i>\n<\/div><\/div><\/div><\/div><div class=\"stats-desc\" id=\"counter-responsv-wrap-9478\"><div class=\"counter_prefix mycust ult-responsive\"  data-ultimate-target='#counter-responsv-wrap-9478 .mycust'  data-responsive-json-new='{\"font-size\":\"desktop:30px;\",\"line-height\":\"\"}'  style=\" font-family:&#039;Dosis&#039;;font-weight:600;color:#ffffff\">&gt;<\/div><div id=\"counter_283308935569e01afb19337\" data-id=\"counter_283308935569e01afb19337\"  data-ultimate-target='#counter-responsv-wrap-9478 .stats-number'  data-responsive-json-new='{\"font-size\":\"desktop:30px;\",\"line-height\":\"\"}'  class=\"stats-number ult-responsive\" style=\" color:rgba(255,255,255,0.5); font-family:&#039;Dosis&#039;;font-weight:600;color:#ffffff;\" data-speed=\"3\" data-counter-value=\"1000000\" data-separator=\"none\" data-decimal=\".\">0<\/div><div id=\"counter_283308935569e01afb19337\"  data-ultimate-target='#counter-responsv-wrap-9478 .stats-text'  data-responsive-json-new='{\"font-size\":\"desktop:11px;\",\"line-height\":\"desktop:12px;\"}'  class=\"stats-text ult-responsive\" style=\"font-size:px; color:rgba(255,255,255,0.5); font-family:&#039;Heebo&#039;;font-weight:700;\">ZADOWOLONYCH KLIENT\u00d3W<\/div><\/div><\/div>[\/vc_column_inner][vc_column_inner width=&#8221;1\/4&#8243;]<div class=\"ult-spacer spacer-69e01afb19347\" data-id=\"69e01afb19347\" data-height=\"0\" data-height-mobile=\"40\" data-height-tab=\"\" data-height-tab-portrait=\"\" data-height-mobile-landscape=\"40\" style=\"clear:both;display:block;\"><\/div><div class=\"stats-block stats-left  \"><div class=\"aio-icon-left\"><div class=\"ult-just-icon-wrapper  \"><div class=\"align-icon\" style=\"text-align:center;\">\n<div class=\"aio-icon none \"  style=\"color:#ffffff;font-size:45px;display:inline-block;\">\n\t<i class=\"Defaults-star-o\"><\/i>\n<\/div><\/div><\/div><\/div><div class=\"stats-desc\" id=\"counter-responsv-wrap-4356\"><div id=\"counter_56450318869e01afb19374\" data-id=\"counter_56450318869e01afb19374\"  data-ultimate-target='#counter-responsv-wrap-4356 .stats-number'  data-responsive-json-new='{\"font-size\":\"desktop:30px;\",\"line-height\":\"\"}'  class=\"stats-number ult-responsive\" style=\" color:rgba(255,255,255,0.5); font-family:&#039;Dosis&#039;;font-weight:600;color:#ffffff;\" data-speed=\"3\" data-counter-value=\"100\" data-separator=\"none\" data-decimal=\".\">0<\/div><div class=\"counter_suffix mycust ult-responsive\"  data-ultimate-target='#counter-responsv-wrap-4356 .mycust'  data-responsive-json-new='{\"font-size\":\"desktop:30px;\",\"line-height\":\"\"}'  style=\" font-family:&#039;Dosis&#039;;font-weight:600;color:#ffffff\">%<\/div><div id=\"counter_56450318869e01afb19374\"  data-ultimate-target='#counter-responsv-wrap-4356 .stats-text'  data-responsive-json-new='{\"font-size\":\"desktop:11px;\",\"line-height\":\"desktop:12px;\"}'  class=\"stats-text ult-responsive\" style=\"font-size:px; color:rgba(255,255,255,0.5); font-family:&#039;Heebo&#039;;font-weight:700;\">JAKO\u015aCI<\/div><\/div><\/div>[\/vc_column_inner][\/vc_row_inner]<\/div>[\/vc_column][\/vc_row][vc_row css=&#8221;.vc_custom_1591716625627{padding-top: 120px !important;padding-bottom: 120px !important;}&#8221; el_id=&#8221;about&#8221;][vc_column css_animation=&#8221;fadeInUp&#8221; el_class=&#8221;wide-box-mobile&#8221;][vc_column_text]<\/p>\n<h2 class=\"extra-large-font\" style=\"text-align: center;\"><span style=\"font-weight: 100;\">Nasz Park Maszynowy<\/span><\/h2>\n<p>[\/vc_column_text][vc_empty_space height=&#8221;80px&#8221;]<style type='text\/css'>#cbpw-wrap201 {margin:0px 0px 0px 0px;}#cbpw-grid201 .cbp-l-caption-title {color:#FFFFFF;background-color:transparent;font-size:16px;font-family:Open Sans;font-weight:400;font-style:normal;line-height:21px;text-align:left;padding:0px 0px 0px 0px;margin:0px 0px 0px 0px;text-transform:none;}#cbpw-grid201 .cbp-l-caption-desc {color:#aaa;background-color:transparent;font-size:12px;font-family:Open Sans;font-weight:400;font-style:normal;line-height:16px;text-align:left;padding:0px 0px 0px 0px;margin:0px 0px 0px 0px;text-transform:none;}#cbpw-grid201 .cbp-caption-activeWrap {background-color:#282727;}#cbpw-loadMore201 .cbp-l-loadMore-link {color:#7E7B7B;background-color:transparent;border-width:1px 1px 1px 1px;border-style:solid;border-color:#DEDEDE;font-size:12px;font-family:Open Sans,sans-serif;font-weight:400;font-style:normal;line-height:34px;text-align:center;padding:0px 30px 0px 30px;margin:40px 0px 0px 0px;text-transform:none;}#cbpw-loadMore201 .cbp-l-loadMore-link:hover {color:#B0B0B0;background-color:transparent;border-width:1px 1px 1px 1px;border-style:solid;border-color:#DEDEDE;font-size:12px;font-family:Open Sans,sans-serif;font-weight:400;font-style:normal;line-height:34px;text-align:center;padding:0px 30px 0px 30px;margin:40px 0px 0px 0px;text-transform:none;}#cbpw-loadMore201 .cbp-l-loadMore-loading {color:#B0B0B0;background-color:transparent;border-width:1px 1px 1px 1px;border-style:solid;border-color:#DEDEDE;font-size:12px;font-family:Open Sans,sans-serif;font-weight:400;font-style:normal;line-height:34px;text-align:center;padding:0px 30px 0px 30px;margin:40px 0px 0px 0px;text-transform:none;}#cbpw-loadMore201 .cbp-l-loadMore-loading:hover {color:#B0B0B0;background-color:transparent;border-width:1px 1px 1px 1px;border-style:solid;border-color:#DEDEDE;font-size:12px;font-family:Open Sans,sans-serif;font-weight:400;font-style:normal;line-height:34px;text-align:center;padding:0px 30px 0px 30px;margin:40px 0px 0px 0px;text-transform:none;}#cbpw-loadMore201 .cbp-l-loadMore-stop {color:#B0B0B0;background-color:transparent;border-width:1px 1px 1px 1px;border-style:solid;border-color:#DEDEDE;font-size:12px;font-family:Open Sans,sans-serif;font-weight:400;font-style:normal;line-height:34px;text-align:center;padding:0px 30px 0px 30px;margin:40px 0px 0px 0px;text-transform:none;}#cbpw-loadMore201 .cbp-l-loadMore-stop:hover {color:#B0B0B0;background-color:transparent;border-width:1px 1px 1px 1px;border-style:solid;border-color:#DEDEDE;font-size:12px;font-family:Open Sans,sans-serif;font-weight:400;font-style:normal;line-height:34px;text-align:center;padding:0px 30px 0px 30px;margin:40px 0px 0px 0px;text-transform:none;}#cbpw-singlePage201 .cbp-popup-navigation-wrap {background-color:#34425C;}#cbpw-singlePage201 .cbp-popup-singlePage-counter {color:#bbc0df;font-size:13px;font-family:Open Sans;font-weight:400;font-style:normal;}<\/style><link rel=\"stylesheet\" href=\"\/\/fonts.googleapis.com\/css?family=Open+Sans:400normal\" type=\"text\/css\" media=\"all\" property=\"stylesheet\"><div id=\"cbpw-wrap201\"><div id=\"cbpw-grid201\" class=\"cbp-l-grid-fullScreen cbp\"><div><div class=\"cbp-item logo\"><a href=\"\/\/fimfi.com\/wp-content\/uploads\/2022\/08\/ADF_530_Ki_-_32_01homepage-1.jpg\" class=\"cbp-caption cbp-lightbox\" style=\"\"><div class=\"cbp-caption-defaultWrap\"><img decoding=\"async\" src=\"\/\/fimfi.com\/wp-content\/uploads\/2022\/08\/ADF_530_Ki_-_32_01homepage_maly.jpg\" alt=\"\"><\/div><div class=\"cbp-caption-activeWrap\"><div class=\"cbp-l-caption-alignLeft\"><div class=\"cbp-l-caption-body\"><div class=\"cbp-l-caption-title\">ADF 530<\/div><\/div><\/div><\/div><\/a><\/div><div class=\"cbp-item logo\"><a href=\"\/\/fimfi.com\/wp-content\/uploads\/2022\/08\/csm_CMS503_ki_6bf48851b7_maly.jpg\" class=\"cbp-caption cbp-lightbox\" style=\"\"><div class=\"cbp-caption-defaultWrap\"><img decoding=\"async\" src=\"\/\/fimfi.com\/wp-content\/uploads\/2022\/08\/csm_CMS503_ki_6bf48851b7_maly.jpg\" alt=\"\"><\/div><div class=\"cbp-caption-activeWrap\"><div class=\"cbp-l-caption-alignLeft\"><div class=\"cbp-l-caption-body\"><\/div><\/div><\/div><\/a><\/div><div class=\"cbp-item logo\"><a href=\"\/\/fimfi.com\/wp-content\/uploads\/2022\/08\/ADF10-2.jpg\" class=\"cbp-caption cbp-lightbox\" style=\"\"><div class=\"cbp-caption-defaultWrap\"><img decoding=\"async\" src=\"\/\/fimfi.com\/wp-content\/uploads\/2022\/08\/ADF10-2_maly.jpg\" alt=\"\"><\/div><div class=\"cbp-caption-activeWrap\"><div class=\"cbp-l-caption-alignLeft\"><div class=\"cbp-l-caption-body\"><div class=\"cbp-l-caption-title\">ADF 10<\/div><\/div><\/div><\/div><\/a><\/div><\/div><\/div><\/div><script type=\"text\/javascript\">this.initCubePortfolio =  this.initCubePortfolio || []; this.initCubePortfolio.push({id: 201, options: {\"filters\":\"\",\"loadMore\":\"\",\"loadMoreAction\":\"click\",\"search\":\"\",\"layoutMode\":\"mosaic\",\"sortToPreventGaps\":false,\"drag\":true,\"auto\":false,\"autoTimeout\":5000,\"autoPauseOnHover\":true,\"showNavigation\":true,\"showPagination\":true,\"rewindNav\":true,\"scrollByPage\":false,\"defaultFilter\":\"*\",\"filterDeeplinking\":false,\"animationType\":\"skew\",\"gridAdjustment\":\"responsive\",\"mediaQueries\":[{\"width\":1400,\"cols\":4},{\"width\":1170,\"cols\":4},{\"width\":1024,\"cols\":3},{\"width\":960,\"cols\":3},{\"width\":778,\"cols\":3},{\"width\":640,\"cols\":2},{\"width\":480,\"cols\":2}],\"gapHorizontal\":0,\"gapVertical\":0,\"caption\":\"zoom\",\"displayType\":\"lazyLoading\",\"displayTypeSpeed\":100,\"lightboxDelegate\":\".cbp-lightbox\",\"lightboxGallery\":true,\"lightboxTitleSrc\":\"data-title\",\"lightboxCounter\":\"<div class=\\\"cbp-popup-lightbox-counter\\\">{{current}} of {{total}}<\/div>\",\"singlePageDelegate\":\".cbp-singlePage\",\"singlePageDeeplinking\":true,\"singlePageStickyNavigation\":true,\"singlePageCounter\":\"<div class=\\\"cbp-popup-singlePage-counter\\\">{{current}} of {{total}}<\/div>\",\"singlePageAnimation\":\"middle\",\"singlePageInlineDelegate\":\".cbp-singlePageInline\",\"singlePageInlineDeeplinking\":false,\"singlePageInlinePosition\":\"above\",\"singlePageInlineInFocus\":true,\"plugins\":{},\"cols\":3,\"displayItemsLoadMore\":3,\"coverRatio\":\"4:3\"}});<\/script>[\/vc_column][\/vc_row][vc_row][vc_column][vc_video link=&#8221;https:\/\/www.youtube.com\/watch?v=hKe7TNbPDM8&#8243;][\/vc_column][\/vc_row][vc_row][vc_column][vc_empty_space height=&#8221;100px&#8221;][\/vc_column][\/vc_row]<\/p>\n","protected":false},"excerpt":{"rendered":"<p>[vc_row bg_type=&#8221;image&#8221; parallax_style=&#8221;vcpb-default&#8221; bg_image_new=&#8221;id^1313|url^https:\/\/fimfi.com\/wp-content\/uploads\/2022\/08\/ADF_530_Ki_-_32_01homepage.jpg|caption^null|alt^null|title^ADF_530_Ki_-_32_01homepage|description^null&#8221; bg_image_repeat=&#8221;no-repeat&#8221; bg_override=&#8221;ex-full&#8221; enable_overlay=&#8221;enable_overlay_value&#8221; overlay_color=&#8221;rgba(28,26,26,0.86)&#8221; seperator_enable=&#8221;seperator_enable_value&#8221; seperator_type=&#8221;tilt_left_seperator&#8221; seperator_position=&#8221;bottom_seperator&#8221; seperator_svg_height=&#8221;150&#8243; seperator_shape_background=&#8221;#ffffff&#8221;][vc_column][vc_empty_space height=&#8221;160px&#8221;][vc_empty_space height=&#8221;30px&#8221;][vc_empty_space height=&#8221;300px&#8221;][\/vc_column][\/vc_row][vc_row css=&#8221;.vc_custom_1531218125315{padding-top: 80px !important;padding-bottom: 100px !important;}&#8221;][vc_column][\/vc_column][\/vc_row][vc_row bg_type=&#8221;image&#8221; parallax_style=&#8221;vcpb-default&#8221; bg_image_new=&#8221;id^1256|url^https:\/\/fimfi.com\/wp-content\/uploads\/2022\/08\/historia_dol.jpg|caption^null|alt^null|title^historia_dol|description^null&#8221; bg_image_repeat=&#8221;no-repeat&#8221; bg_override=&#8221;ex-full&#8221; enable_overlay=&#8221;enable_overlay_value&#8221; overlay_color=&#8221;rgba(28,26,26,0.9)&#8221; css=&#8221;.vc_custom_1660203102862{padding-top: 120px !important;padding-bottom: 120px !important;}&#8221; el_class=&#8221;alma-home-stats&#8221;][vc_column el_class=&#8221;wide-box-mobile&#8221;][\/vc_column][\/vc_row][vc_row css=&#8221;.vc_custom_1591716625627{padding-top: 120px !important;padding-bottom: 120px !important;}&#8221; el_id=&#8221;about&#8221;][vc_column css_animation=&#8221;fadeInUp&#8221; el_class=&#8221;wide-box-mobile&#8221;][vc_column_text] Nasz Park Maszynowy [\/vc_column_text][vc_empty_space height=&#8221;80px&#8221;][\/vc_column][\/vc_row][vc_row][vc_column][vc_video link=&#8221;https:\/\/www.youtube.com\/watch?v=hKe7TNbPDM8&#8243;][\/vc_column][\/vc_row][vc_row][vc_column][vc_empty_space height=&#8221;100px&#8221;][\/vc_column][\/vc_row]<\/p>\n","protected":false},"author":1,"featured_media":0,"parent":368,"menu_order":0,"comment_status":"closed","ping_status":"closed","template":"page.php","meta":{"ngg_post_thumbnail":0,"footnotes":""},"class_list":["post-1206","page","type-page","status-publish","hentry"],"_links":{"self":[{"href":"https:\/\/fimfi.com\/index.php?rest_route=\/wp\/v2\/pages\/1206","targetHints":{"allow":["GET"]}}],"collection":[{"href":"https:\/\/fimfi.com\/index.php?rest_route=\/wp\/v2\/pages"}],"about":[{"href":"https:\/\/fimfi.com\/index.php?rest_route=\/wp\/v2\/types\/page"}],"author":[{"embeddable":true,"href":"https:\/\/fimfi.com\/index.php?rest_route=\/wp\/v2\/users\/1"}],"replies":[{"embeddable":true,"href":"https:\/\/fimfi.com\/index.php?rest_route=%2Fwp%2Fv2%2Fcomments&post=1206"}],"version-history":[{"count":20,"href":"https:\/\/fimfi.com\/index.php?rest_route=\/wp\/v2\/pages\/1206\/revisions"}],"predecessor-version":[{"id":1481,"href":"https:\/\/fimfi.com\/index.php?rest_route=\/wp\/v2\/pages\/1206\/revisions\/1481"}],"up":[{"embeddable":true,"href":"https:\/\/fimfi.com\/index.php?rest_route=\/wp\/v2\/pages\/368"}],"wp:attachment":[{"href":"https:\/\/fimfi.com\/index.php?rest_route=%2Fwp%2Fv2%2Fmedia&parent=1206"}],"curies":[{"name":"wp","href":"https:\/\/api.w.org\/{rel}","templated":true}]}}