{"id":1332,"date":"2022-08-11T10:29:14","date_gmt":"2022-08-11T08:29:14","guid":{"rendered":"https:\/\/fimfi.comquid\/?page_id=1332"},"modified":"2022-08-30T11:07:47","modified_gmt":"2022-08-30T09:07:47","slug":"historia","status":"publish","type":"page","link":"https:\/\/fimfi.com\/?page_id=1332","title":{"rendered":"Historia"},"content":{"rendered":"<p>[vc_row bg_type=&#8221;image&#8221; parallax_style=&#8221;vcpb-default&#8221; bg_image_new=&#8221;id^1253|url^https:\/\/fimfi.com\/wp-content\/uploads\/2022\/08\/historia.jpg|caption^null|alt^null|title^historia|description^null&#8221; bg_image_repeat=&#8221;no-repeat&#8221; bg_override=&#8221;ex-full&#8221; enable_overlay=&#8221;enable_overlay_value&#8221; overlay_color=&#8221;rgba(28,26,26,0.86)&#8221; seperator_enable=&#8221;seperator_enable_value&#8221; seperator_type=&#8221;tilt_left_seperator&#8221; seperator_position=&#8221;bottom_seperator&#8221; seperator_svg_height=&#8221;150&#8243; seperator_shape_background=&#8221;#ffffff&#8221;][vc_column][vc_empty_space height=&#8221;160px&#8221;]<div class=\"ult-animation  ult-animate-viewport  ult-no-mobile \" data-animate=\"fadeInUp\" data-animation-delay=\"0.3\" data-animation-duration=\"1\" data-animation-iteration=\"1\" style=\"opacity:0;\" data-opacity_start_effect=\"\">[vc_custom_heading text=&#8221;Poznaj nas lepiej&#8221; font_container=&#8221;tag:h3|text_align:left|color:%23ffffff&#8221; use_theme_fonts=&#8221;yes&#8221;]<\/div>[vc_empty_space height=&#8221;30px&#8221;]<div class=\"ult-animation  ult-animate-viewport  ult-no-mobile \" data-animate=\"fadeInUp\" data-animation-delay=\"0.3\" data-animation-duration=\"1\" data-animation-iteration=\"1\" style=\"opacity:0;\" data-opacity_start_effect=\"\"><\/div>[vc_empty_space height=&#8221;300px&#8221;][\/vc_column][\/vc_row][vc_row css=&#8221;.vc_custom_1531218125315{padding-top: 80px !important;padding-bottom: 100px !important;}&#8221;][vc_column width=&#8221;1\/2&#8243;][vc_custom_heading text=&#8221;Nasze pocz\u0105tki&#8221; font_container=&#8221;tag:h5|text_align:left&#8221; use_theme_fonts=&#8221;yes&#8221;][vc_empty_space height=&#8221;25px&#8221;][vc_column_text]Od 1992 roku zajmujemy si\u0119 produkcj\u0105 konfekcji damskiej, jak\u0105 stanowi\u0105 g\u0142\u00f3wnie kardigany, swetry i sukienki.\u00a0 Posiadamy najnowocze\u015bniejszy i najbardziej zaawansowany technologicznie park maszynowy, kt\u00f3ry jest regularnie powi\u0119kszany, przystosowany do wytwarzania wysublimowanych produkt\u00f3w najwy\u017cszej jako\u015bci, dedykowanych dla najbardziej wymagaj\u0105cych klient\u00f3w. Dysponujemy w\u0142asnym studiem projektowym, w kt\u00f3rym ka\u017cdego dnia in\u017cynierowie i projektanci z ogromna pasj\u0105 i zaanga\u017cowaniem realizuj\u0105 nowe wzory, w oparciu o obowi\u0105zuj\u0105ce trendy. Produkty wytwarzane s\u0105 z najwy\u017cszej jako\u015bci prz\u0119dz, kt\u00f3re posiadaj\u0105 atesty, certyfikaty i s\u0105 produkowane w Unii Europejskiej. Surowce wybierane s\u0105 w spos\u00f3b \u015bwiadomy, je\u015bli u\u017cywana jest naturalna we\u0142na, to wy\u0142\u0105cznie pochodz\u0105ca z gospodarstw, w kt\u00f3rych pozyskiwana jest ona w spos\u00f3b bezpieczny dla zwierz\u0105t.[\/vc_column_text][\/vc_column][vc_column width=&#8221;1\/2&#8243;]<div class=\"ult-spacer spacer-69e0028466280\" data-id=\"69e0028466280\" data-height=\"0\" data-height-mobile=\"60\" data-height-tab=\"\" data-height-tab-portrait=\"\" data-height-mobile-landscape=\"60\" style=\"clear:both;display:block;\"><\/div>[vc_custom_heading text=&#8221;Nasze atuty&#8221; font_container=&#8221;tag:h5|text_align:left&#8221; use_theme_fonts=&#8221;yes&#8221;][vc_empty_space height=&#8221;25px&#8221;][vc_column_text]G\u0142\u00f3wne przewagi konkurencyjne przedsi\u0119biorstwa to m. in.:<\/p>\n<p>\u2022 najwy\u017csza jako\u015b\u0107 wykonania odzie\u017cy<\/p>\n<p>\u2022 najwy\u017csza jako\u015b\u0107 surowc\u00f3w u\u017cywanych w procesie produkcji<\/p>\n<p>\u2022 poziom techniczny przedsi\u0119biorstwa<\/p>\n<p>\u2022 szybko\u015b\u0107 reakcji na zmiany rynku<\/p>\n<p>\u2022 w\u0142asna sie\u0107 dystrybucji<\/p>\n<p>\u2022 doskona\u0142a reputacja i opinie klient\u00f3w<\/p>\n<p>\u2022 do\u015bwiadczanie i know how[\/vc_column_text][\/vc_column][vc_column][\/vc_column][\/vc_row][vc_row bg_type=&#8221;image&#8221; parallax_style=&#8221;vcpb-default&#8221; bg_image_new=&#8221;id^1256|url^https:\/\/fimfi.com\/wp-content\/uploads\/2022\/08\/historia_dol.jpg|caption^null|alt^null|title^historia_dol|description^null&#8221; bg_image_repeat=&#8221;no-repeat&#8221; bg_override=&#8221;ex-full&#8221; enable_overlay=&#8221;enable_overlay_value&#8221; overlay_color=&#8221;rgba(28,26,26,0.9)&#8221; css=&#8221;.vc_custom_1660203102862{padding-top: 120px !important;padding-bottom: 120px !important;}&#8221; el_class=&#8221;alma-home-stats&#8221;][vc_column el_class=&#8221;wide-box-mobile&#8221;]<div class=\"ult-animation  ult-animate-viewport  ult-no-mobile \" data-animate=\"fadeInUp\" data-animation-delay=\"0.3\" data-animation-duration=\"1\" data-animation-iteration=\"1\" style=\"opacity:0;\" data-opacity_start_effect=\"\">[vc_row_inner][vc_column_inner width=&#8221;1\/4&#8243;]<div class=\"stats-block stats-left  \"><div class=\"aio-icon-left\"><div class=\"ult-just-icon-wrapper  \"><div class=\"align-icon\" style=\"text-align:center;\">\n<div class=\"aio-icon none \"  style=\"color:#ffffff;font-size:45px;display:inline-block;\">\n\t<i class=\"linearicons-shield-check\"><\/i>\n<\/div><\/div><\/div><\/div><div class=\"stats-desc\" id=\"counter-responsv-wrap-2147\"><div id=\"counter_338994321169e00284663f9\" data-id=\"counter_338994321169e00284663f9\"  data-ultimate-target='#counter-responsv-wrap-2147 .stats-number'  data-responsive-json-new='{\"font-size\":\"desktop:30px;\",\"line-height\":\"\"}'  class=\"stats-number ult-responsive\" style=\" color:rgba(255,255,255,0.5); font-family:&#039;Dosis&#039;;font-weight:600;color:#ffffff;\" data-speed=\"3\" data-counter-value=\"30\" data-separator=\"none\" data-decimal=\".\">0<\/div><div id=\"counter_338994321169e00284663f9\"  data-ultimate-target='#counter-responsv-wrap-2147 .stats-text'  data-responsive-json-new='{\"font-size\":\"desktop:11px;\",\"line-height\":\"desktop:12px;\"}'  class=\"stats-text ult-responsive\" style=\"font-size:px; color:rgba(255,255,255,0.5); font-family:&#039;Heebo&#039;;font-weight:700;\">LAT DO\u015aWIADCZENIA<\/div><\/div><\/div>[\/vc_column_inner][vc_column_inner width=&#8221;1\/4&#8243;]<div class=\"stats-block stats-left  \"><div class=\"aio-icon-left\"><div class=\"ult-just-icon-wrapper  \"><div class=\"align-icon\" style=\"text-align:center;\">\n<div class=\"aio-icon none \"  style=\"color:#ffffff;font-size:45px;display:inline-block;\">\n\t<i class=\"linearicons-shirt\"><\/i>\n<\/div><\/div><\/div><\/div><div class=\"stats-desc\" id=\"counter-responsv-wrap-3557\"><div class=\"counter_prefix mycust ult-responsive\"  data-ultimate-target='#counter-responsv-wrap-3557 .mycust'  data-responsive-json-new='{\"font-size\":\"desktop:30px;\",\"line-height\":\"\"}'  style=\" font-family:&#039;Dosis&#039;;font-weight:600;color:#ffffff\">&gt;<\/div><div id=\"counter_42596991769e0028466466\" data-id=\"counter_42596991769e0028466466\"  data-ultimate-target='#counter-responsv-wrap-3557 .stats-number'  data-responsive-json-new='{\"font-size\":\"desktop:30px;\",\"line-height\":\"\"}'  class=\"stats-number ult-responsive\" style=\" color:rgba(255,255,255,0.5); font-family:&#039;Dosis&#039;;font-weight:600;color:#ffffff;\" data-speed=\"3\" data-counter-value=\"1000\" data-separator=\"none\" data-decimal=\".\">0<\/div><div id=\"counter_42596991769e0028466466\"  data-ultimate-target='#counter-responsv-wrap-3557 .stats-text'  data-responsive-json-new='{\"font-size\":\"desktop:11px;\",\"line-height\":\"desktop:12px;\"}'  class=\"stats-text ult-responsive\" style=\"font-size:px; color:rgba(255,255,255,0.5); font-family:&#039;Heebo&#039;;font-weight:700;\">WDRO\u017bONYCH WZOR\u00d3W<\/div><\/div><\/div>[\/vc_column_inner][vc_column_inner width=&#8221;1\/4&#8243;]<div class=\"ult-spacer spacer-69e0028466484\" data-id=\"69e0028466484\" data-height=\"0\" data-height-mobile=\"40\" data-height-tab=\"\" data-height-tab-portrait=\"\" data-height-mobile-landscape=\"40\" style=\"clear:both;display:block;\"><\/div><div class=\"stats-block stats-left  \"><div class=\"aio-icon-left\"><div class=\"ult-just-icon-wrapper  \"><div class=\"align-icon\" style=\"text-align:center;\">\n<div class=\"aio-icon none \"  style=\"color:#ffffff;font-size:45px;display:inline-block;\">\n\t<i class=\"Defaults-thumbs-o-up\"><\/i>\n<\/div><\/div><\/div><\/div><div class=\"stats-desc\" id=\"counter-responsv-wrap-6201\"><div class=\"counter_prefix mycust ult-responsive\"  data-ultimate-target='#counter-responsv-wrap-6201 .mycust'  data-responsive-json-new='{\"font-size\":\"desktop:30px;\",\"line-height\":\"\"}'  style=\" font-family:&#039;Dosis&#039;;font-weight:600;color:#ffffff\">&gt;<\/div><div id=\"counter_272152414669e00284664c5\" data-id=\"counter_272152414669e00284664c5\"  data-ultimate-target='#counter-responsv-wrap-6201 .stats-number'  data-responsive-json-new='{\"font-size\":\"desktop:30px;\",\"line-height\":\"\"}'  class=\"stats-number ult-responsive\" style=\" color:rgba(255,255,255,0.5); font-family:&#039;Dosis&#039;;font-weight:600;color:#ffffff;\" data-speed=\"3\" data-counter-value=\"1000000\" data-separator=\"none\" data-decimal=\".\">0<\/div><div id=\"counter_272152414669e00284664c5\"  data-ultimate-target='#counter-responsv-wrap-6201 .stats-text'  data-responsive-json-new='{\"font-size\":\"desktop:11px;\",\"line-height\":\"desktop:12px;\"}'  class=\"stats-text ult-responsive\" style=\"font-size:px; color:rgba(255,255,255,0.5); font-family:&#039;Heebo&#039;;font-weight:700;\">ZADOWOLONYCH KLIENT\u00d3W<\/div><\/div><\/div>[\/vc_column_inner][vc_column_inner width=&#8221;1\/4&#8243;]<div class=\"ult-spacer spacer-69e00284664e0\" data-id=\"69e00284664e0\" data-height=\"0\" data-height-mobile=\"40\" data-height-tab=\"\" data-height-tab-portrait=\"\" data-height-mobile-landscape=\"40\" style=\"clear:both;display:block;\"><\/div><div class=\"stats-block stats-left  \"><div class=\"aio-icon-left\"><div class=\"ult-just-icon-wrapper  \"><div class=\"align-icon\" style=\"text-align:center;\">\n<div class=\"aio-icon none \"  style=\"color:#ffffff;font-size:45px;display:inline-block;\">\n\t<i class=\"Defaults-star-o\"><\/i>\n<\/div><\/div><\/div><\/div><div class=\"stats-desc\" id=\"counter-responsv-wrap-5514\"><div id=\"counter_277095864269e002846651e\" data-id=\"counter_277095864269e002846651e\"  data-ultimate-target='#counter-responsv-wrap-5514 .stats-number'  data-responsive-json-new='{\"font-size\":\"desktop:30px;\",\"line-height\":\"\"}'  class=\"stats-number ult-responsive\" style=\" color:rgba(255,255,255,0.5); font-family:&#039;Dosis&#039;;font-weight:600;color:#ffffff;\" data-speed=\"3\" data-counter-value=\"100\" data-separator=\"none\" data-decimal=\".\">0<\/div><div class=\"counter_suffix mycust ult-responsive\"  data-ultimate-target='#counter-responsv-wrap-5514 .mycust'  data-responsive-json-new='{\"font-size\":\"desktop:30px;\",\"line-height\":\"\"}'  style=\" font-family:&#039;Dosis&#039;;font-weight:600;color:#ffffff\">%<\/div><div id=\"counter_277095864269e002846651e\"  data-ultimate-target='#counter-responsv-wrap-5514 .stats-text'  data-responsive-json-new='{\"font-size\":\"desktop:11px;\",\"line-height\":\"desktop:12px;\"}'  class=\"stats-text ult-responsive\" style=\"font-size:px; color:rgba(255,255,255,0.5); font-family:&#039;Heebo&#039;;font-weight:700;\">JAKO\u015aCI<\/div><\/div><\/div>[\/vc_column_inner][\/vc_row_inner]<\/div>[\/vc_column][\/vc_row][vc_row bg_type=&#8221;image&#8221; parallax_style=&#8221;vcpb-default&#8221; bg_image_repeat=&#8221;no-repeat&#8221; bg_override=&#8221;ex-full&#8221; css=&#8221;.vc_custom_1660214980578{padding-top: 140px !important;padding-bottom: 140px !important;}&#8221; el_class=&#8221;align-center-mobile&#8221;][\/vc_row]<\/p>\n","protected":false},"excerpt":{"rendered":"<p>[vc_row bg_type=&#8221;image&#8221; parallax_style=&#8221;vcpb-default&#8221; bg_image_new=&#8221;id^1253|url^https:\/\/fimfi.com\/wp-content\/uploads\/2022\/08\/historia.jpg|caption^null|alt^null|title^historia|description^null&#8221; bg_image_repeat=&#8221;no-repeat&#8221; bg_override=&#8221;ex-full&#8221; enable_overlay=&#8221;enable_overlay_value&#8221; overlay_color=&#8221;rgba(28,26,26,0.86)&#8221; seperator_enable=&#8221;seperator_enable_value&#8221; seperator_type=&#8221;tilt_left_seperator&#8221; seperator_position=&#8221;bottom_seperator&#8221; seperator_svg_height=&#8221;150&#8243; seperator_shape_background=&#8221;#ffffff&#8221;][vc_column][vc_empty_space height=&#8221;160px&#8221;][vc_empty_space height=&#8221;30px&#8221;][vc_empty_space height=&#8221;300px&#8221;][\/vc_column][\/vc_row][vc_row css=&#8221;.vc_custom_1531218125315{padding-top: 80px !important;padding-bottom: 100px !important;}&#8221;][vc_column width=&#8221;1\/2&#8243;][vc_custom_heading text=&#8221;Nasze pocz\u0105tki&#8221; font_container=&#8221;tag:h5|text_align:left&#8221; use_theme_fonts=&#8221;yes&#8221;][vc_empty_space height=&#8221;25px&#8221;][vc_column_text]Od 1992 roku zajmujemy si\u0119 produkcj\u0105 konfekcji damskiej, jak\u0105 stanowi\u0105 g\u0142\u00f3wnie kardigany, swetry i sukienki.\u00a0 Posiadamy najnowocze\u015bniejszy i najbardziej zaawansowany technologicznie park maszynowy, kt\u00f3ry jest regularnie powi\u0119kszany, przystosowany do [&hellip;]<\/p>\n","protected":false},"author":1,"featured_media":0,"parent":368,"menu_order":0,"comment_status":"closed","ping_status":"closed","template":"page.php","meta":{"ngg_post_thumbnail":0,"footnotes":""},"class_list":["post-1332","page","type-page","status-publish","hentry"],"_links":{"self":[{"href":"https:\/\/fimfi.com\/index.php?rest_route=\/wp\/v2\/pages\/1332","targetHints":{"allow":["GET"]}}],"collection":[{"href":"https:\/\/fimfi.com\/index.php?rest_route=\/wp\/v2\/pages"}],"about":[{"href":"https:\/\/fimfi.com\/index.php?rest_route=\/wp\/v2\/types\/page"}],"author":[{"embeddable":true,"href":"https:\/\/fimfi.com\/index.php?rest_route=\/wp\/v2\/users\/1"}],"replies":[{"embeddable":true,"href":"https:\/\/fimfi.com\/index.php?rest_route=%2Fwp%2Fv2%2Fcomments&post=1332"}],"version-history":[{"count":14,"href":"https:\/\/fimfi.com\/index.php?rest_route=\/wp\/v2\/pages\/1332\/revisions"}],"predecessor-version":[{"id":1485,"href":"https:\/\/fimfi.com\/index.php?rest_route=\/wp\/v2\/pages\/1332\/revisions\/1485"}],"up":[{"embeddable":true,"href":"https:\/\/fimfi.com\/index.php?rest_route=\/wp\/v2\/pages\/368"}],"wp:attachment":[{"href":"https:\/\/fimfi.com\/index.php?rest_route=%2Fwp%2Fv2%2Fmedia&parent=1332"}],"curies":[{"name":"wp","href":"https:\/\/api.w.org\/{rel}","templated":true}]}}