{"id":1358,"date":"2022-08-11T11:11:00","date_gmt":"2022-08-11T09:11:00","guid":{"rendered":"https:\/\/fimfi.comquid\/?page_id=1358"},"modified":"2023-06-29T13:57:53","modified_gmt":"2023-06-29T11:57:53","slug":"team","status":"publish","type":"page","link":"https:\/\/fimfi.com\/?page_id=1358","title":{"rendered":"Team"},"content":{"rendered":"<p>[vc_row bg_type=&#8221;image&#8221; parallax_style=&#8221;vcpb-default&#8221; bg_image_new=&#8221;id^1253|url^https:\/\/fimfi.com\/wp-content\/uploads\/2022\/08\/historia.jpg|caption^null|alt^null|title^historia|description^null&#8221; bg_image_repeat=&#8221;no-repeat&#8221; bg_override=&#8221;ex-full&#8221; enable_overlay=&#8221;enable_overlay_value&#8221; overlay_color=&#8221;rgba(28,26,26,0.86)&#8221; seperator_enable=&#8221;seperator_enable_value&#8221; seperator_type=&#8221;tilt_left_seperator&#8221; seperator_position=&#8221;bottom_seperator&#8221; seperator_svg_height=&#8221;150&#8243; seperator_shape_background=&#8221;#ffffff&#8221;][vc_column][vc_empty_space height=&#8221;160px&#8221;]<div class=\"ult-animation  ult-animate-viewport  ult-no-mobile \" data-animate=\"fadeInUp\" data-animation-delay=\"0.3\" data-animation-duration=\"1\" data-animation-iteration=\"1\" style=\"opacity:0;\" data-opacity_start_effect=\"\">[vc_custom_heading text=&#8221;Ka\u017cd\u0105 firm\u0119 tworz\u0105 ludzie&#8221; font_container=&#8221;tag:h3|text_align:left|color:%23ffffff&#8221; use_theme_fonts=&#8221;yes&#8221;]<\/div>[vc_empty_space height=&#8221;30px&#8221;]<div class=\"ult-animation  ult-animate-viewport  ult-no-mobile \" data-animate=\"fadeInUp\" data-animation-delay=\"0.3\" data-animation-duration=\"1\" data-animation-iteration=\"1\" style=\"opacity:0;\" data-opacity_start_effect=\"\"><\/div>[vc_empty_space height=&#8221;300px&#8221;][\/vc_column][\/vc_row][vc_row css=&#8221;.vc_custom_1531218125315{padding-top: 80px !important;padding-bottom: 100px !important;}&#8221;][vc_column width=&#8221;1\/2&#8243;][vc_custom_heading text=&#8221;O nas&#8221; font_container=&#8221;tag:h5|text_align:left&#8221; use_theme_fonts=&#8221;yes&#8221;][vc_empty_space height=&#8221;25px&#8221;][vc_column_text]<\/p>\n<p align=\"justify\">Firma MaxV zatrudnia wielu najwy\u017cszej klasy specjalist\u00f3w z bran\u017cy, w sk\u0142ad zespo\u0142u wchodz\u0105 zar\u00f3wno pracownicy biurowi, in\u017cynierowie-projektanci jak i pracownicy produkcji &#8211; specjali\u015bci z bran\u017cy tj. dziewiarze, konstruktorzy, szwaczki itd. MaxV dysponuje doskonale wykwalifikowan\u0105 kadr\u0105, kt\u00f3ra gwarantuje funkcjonowanie oraz rozw\u00f3j firmy.<\/p>\n<p>[\/vc_column_text][\/vc_column][vc_column width=&#8221;1\/2&#8243;]<div class=\"ult-spacer spacer-69e001a333a8a\" data-id=\"69e001a333a8a\" data-height=\"0\" data-height-mobile=\"60\" data-height-tab=\"\" data-height-tab-portrait=\"\" data-height-mobile-landscape=\"60\" style=\"clear:both;display:block;\"><\/div>[vc_custom_heading text=&#8221;Nasze atuty&#8221; font_container=&#8221;tag:h5|text_align:left&#8221; use_theme_fonts=&#8221;yes&#8221;][vc_empty_space height=&#8221;25px&#8221;][vc_column_text]<\/p>\n<p align=\"justify\">Posiadamy w\u0142asne studio projektowe, w kt\u00f3rym ka\u017cdego dnia in\u017cynierowie i projektanci z ogromna pasj\u0105 i zaanga\u017cowaniem realizuj\u0105 nowe wzory, w oparciu o obowi\u0105zuj\u0105ce trendy. \u015awietnie znamy si\u0119 na opracowywaniu technologii wyrob\u00f3w w\u0142\u00f3kienniczych, wyborze surowc\u00f3w i faktycznej produkcji przy zastosowaniu odpowiednich maszyn.<\/p>\n<p>[\/vc_column_text][\/vc_column][\/vc_row][vc_row bg_type=&#8221;image&#8221; parallax_style=&#8221;vcpb-default&#8221; bg_image_new=&#8221;id^1256|url^https:\/\/fimfi.com\/wp-content\/uploads\/2022\/08\/historia_dol.jpg|caption^null|alt^null|title^historia_dol|description^null&#8221; bg_image_repeat=&#8221;no-repeat&#8221; bg_override=&#8221;ex-full&#8221; enable_overlay=&#8221;enable_overlay_value&#8221; overlay_color=&#8221;rgba(28,26,26,0.9)&#8221; css=&#8221;.vc_custom_1660203102862{padding-top: 120px !important;padding-bottom: 120px !important;}&#8221; el_class=&#8221;alma-home-stats&#8221;][vc_column el_class=&#8221;wide-box-mobile&#8221;]<div class=\"ult-animation  ult-animate-viewport  ult-no-mobile \" data-animate=\"fadeInUp\" data-animation-delay=\"0.3\" data-animation-duration=\"1\" data-animation-iteration=\"1\" style=\"opacity:0;\" data-opacity_start_effect=\"\">[vc_row_inner][vc_column_inner width=&#8221;1\/4&#8243;]<div class=\"stats-block stats-left  \"><div class=\"aio-icon-left\"><div class=\"ult-just-icon-wrapper  \"><div class=\"align-icon\" style=\"text-align:center;\">\n<div class=\"aio-icon none \"  style=\"color:#ffffff;font-size:45px;display:inline-block;\">\n\t<i class=\"linearicons-shield-check\"><\/i>\n<\/div><\/div><\/div><\/div><div class=\"stats-desc\" id=\"counter-responsv-wrap-1809\"><div id=\"counter_232474466669e001a333ba7\" data-id=\"counter_232474466669e001a333ba7\"  data-ultimate-target='#counter-responsv-wrap-1809 .stats-number'  data-responsive-json-new='{\"font-size\":\"desktop:30px;\",\"line-height\":\"\"}'  class=\"stats-number ult-responsive\" style=\" color:rgba(255,255,255,0.5); font-family:&#039;Dosis&#039;;font-weight:600;color:#ffffff;\" data-speed=\"3\" data-counter-value=\"30\" data-separator=\"none\" data-decimal=\".\">0<\/div><div id=\"counter_232474466669e001a333ba7\"  data-ultimate-target='#counter-responsv-wrap-1809 .stats-text'  data-responsive-json-new='{\"font-size\":\"desktop:11px;\",\"line-height\":\"desktop:12px;\"}'  class=\"stats-text ult-responsive\" style=\"font-size:px; color:rgba(255,255,255,0.5); font-family:&#039;Heebo&#039;;font-weight:700;\">LAT DO\u015aWIADCZENIA<\/div><\/div><\/div>[\/vc_column_inner][vc_column_inner width=&#8221;1\/4&#8243;]<div class=\"stats-block stats-left  \"><div class=\"aio-icon-left\"><div class=\"ult-just-icon-wrapper  \"><div class=\"align-icon\" style=\"text-align:center;\">\n<div class=\"aio-icon none \"  style=\"color:#ffffff;font-size:45px;display:inline-block;\">\n\t<i class=\"linearicons-shirt\"><\/i>\n<\/div><\/div><\/div><\/div><div class=\"stats-desc\" id=\"counter-responsv-wrap-1074\"><div class=\"counter_prefix mycust ult-responsive\"  data-ultimate-target='#counter-responsv-wrap-1074 .mycust'  data-responsive-json-new='{\"font-size\":\"desktop:30px;\",\"line-height\":\"\"}'  style=\" font-family:&#039;Dosis&#039;;font-weight:600;color:#ffffff\">&gt;<\/div><div id=\"counter_370087613869e001a333bf9\" data-id=\"counter_370087613869e001a333bf9\"  data-ultimate-target='#counter-responsv-wrap-1074 .stats-number'  data-responsive-json-new='{\"font-size\":\"desktop:30px;\",\"line-height\":\"\"}'  class=\"stats-number ult-responsive\" style=\" color:rgba(255,255,255,0.5); font-family:&#039;Dosis&#039;;font-weight:600;color:#ffffff;\" data-speed=\"3\" data-counter-value=\"1000\" data-separator=\"none\" data-decimal=\".\">0<\/div><div id=\"counter_370087613869e001a333bf9\"  data-ultimate-target='#counter-responsv-wrap-1074 .stats-text'  data-responsive-json-new='{\"font-size\":\"desktop:11px;\",\"line-height\":\"desktop:12px;\"}'  class=\"stats-text ult-responsive\" style=\"font-size:px; color:rgba(255,255,255,0.5); font-family:&#039;Heebo&#039;;font-weight:700;\">WDRO\u017bONYCH WZOR\u00d3W<\/div><\/div><\/div>[\/vc_column_inner][vc_column_inner width=&#8221;1\/4&#8243;]<div class=\"ult-spacer spacer-69e001a333c0e\" data-id=\"69e001a333c0e\" data-height=\"0\" data-height-mobile=\"40\" data-height-tab=\"\" data-height-tab-portrait=\"\" data-height-mobile-landscape=\"40\" style=\"clear:both;display:block;\"><\/div><div class=\"stats-block stats-left  \"><div class=\"aio-icon-left\"><div class=\"ult-just-icon-wrapper  \"><div class=\"align-icon\" style=\"text-align:center;\">\n<div class=\"aio-icon none \"  style=\"color:#ffffff;font-size:45px;display:inline-block;\">\n\t<i class=\"Defaults-thumbs-o-up\"><\/i>\n<\/div><\/div><\/div><\/div><div class=\"stats-desc\" id=\"counter-responsv-wrap-5203\"><div class=\"counter_prefix mycust ult-responsive\"  data-ultimate-target='#counter-responsv-wrap-5203 .mycust'  data-responsive-json-new='{\"font-size\":\"desktop:30px;\",\"line-height\":\"\"}'  style=\" font-family:&#039;Dosis&#039;;font-weight:600;color:#ffffff\">&gt;<\/div><div id=\"counter_315174297069e001a333c38\" data-id=\"counter_315174297069e001a333c38\"  data-ultimate-target='#counter-responsv-wrap-5203 .stats-number'  data-responsive-json-new='{\"font-size\":\"desktop:30px;\",\"line-height\":\"\"}'  class=\"stats-number ult-responsive\" style=\" color:rgba(255,255,255,0.5); font-family:&#039;Dosis&#039;;font-weight:600;color:#ffffff;\" data-speed=\"3\" data-counter-value=\"1000000\" data-separator=\"none\" data-decimal=\".\">0<\/div><div id=\"counter_315174297069e001a333c38\"  data-ultimate-target='#counter-responsv-wrap-5203 .stats-text'  data-responsive-json-new='{\"font-size\":\"desktop:11px;\",\"line-height\":\"desktop:12px;\"}'  class=\"stats-text ult-responsive\" style=\"font-size:px; color:rgba(255,255,255,0.5); font-family:&#039;Heebo&#039;;font-weight:700;\">ZADOWOLONYCH KLIENT\u00d3W<\/div><\/div><\/div>[\/vc_column_inner][vc_column_inner width=&#8221;1\/4&#8243;]<div class=\"ult-spacer spacer-69e001a333c48\" data-id=\"69e001a333c48\" data-height=\"0\" data-height-mobile=\"40\" data-height-tab=\"\" data-height-tab-portrait=\"\" data-height-mobile-landscape=\"40\" style=\"clear:both;display:block;\"><\/div><div class=\"stats-block stats-left  \"><div class=\"aio-icon-left\"><div class=\"ult-just-icon-wrapper  \"><div class=\"align-icon\" style=\"text-align:center;\">\n<div class=\"aio-icon none \"  style=\"color:#ffffff;font-size:45px;display:inline-block;\">\n\t<i class=\"Defaults-star-o\"><\/i>\n<\/div><\/div><\/div><\/div><div class=\"stats-desc\" id=\"counter-responsv-wrap-1324\"><div id=\"counter_74393049269e001a333c6e\" data-id=\"counter_74393049269e001a333c6e\"  data-ultimate-target='#counter-responsv-wrap-1324 .stats-number'  data-responsive-json-new='{\"font-size\":\"desktop:30px;\",\"line-height\":\"\"}'  class=\"stats-number ult-responsive\" style=\" color:rgba(255,255,255,0.5); font-family:&#039;Dosis&#039;;font-weight:600;color:#ffffff;\" data-speed=\"3\" data-counter-value=\"100\" data-separator=\"none\" data-decimal=\".\">0<\/div><div class=\"counter_suffix mycust ult-responsive\"  data-ultimate-target='#counter-responsv-wrap-1324 .mycust'  data-responsive-json-new='{\"font-size\":\"desktop:30px;\",\"line-height\":\"\"}'  style=\" font-family:&#039;Dosis&#039;;font-weight:600;color:#ffffff\">%<\/div><div id=\"counter_74393049269e001a333c6e\"  data-ultimate-target='#counter-responsv-wrap-1324 .stats-text'  data-responsive-json-new='{\"font-size\":\"desktop:11px;\",\"line-height\":\"desktop:12px;\"}'  class=\"stats-text ult-responsive\" style=\"font-size:px; color:rgba(255,255,255,0.5); font-family:&#039;Heebo&#039;;font-weight:700;\">JAKO\u015aCI<\/div><\/div><\/div>[\/vc_column_inner][\/vc_row_inner]<\/div>[\/vc_column][\/vc_row][vc_row bg_type=&#8221;image&#8221; parallax_style=&#8221;vcpb-default&#8221; bg_image_repeat=&#8221;no-repeat&#8221; bg_override=&#8221;ex-full&#8221; css=&#8221;.vc_custom_1660215078511{padding-top: 140px !important;padding-bottom: 140px !important;}&#8221; el_class=&#8221;align-center-mobile&#8221;][\/vc_row]<\/p>\n","protected":false},"excerpt":{"rendered":"<p>[vc_row bg_type=&#8221;image&#8221; parallax_style=&#8221;vcpb-default&#8221; bg_image_new=&#8221;id^1253|url^https:\/\/fimfi.com\/wp-content\/uploads\/2022\/08\/historia.jpg|caption^null|alt^null|title^historia|description^null&#8221; bg_image_repeat=&#8221;no-repeat&#8221; bg_override=&#8221;ex-full&#8221; enable_overlay=&#8221;enable_overlay_value&#8221; overlay_color=&#8221;rgba(28,26,26,0.86)&#8221; seperator_enable=&#8221;seperator_enable_value&#8221; seperator_type=&#8221;tilt_left_seperator&#8221; seperator_position=&#8221;bottom_seperator&#8221; seperator_svg_height=&#8221;150&#8243; seperator_shape_background=&#8221;#ffffff&#8221;][vc_column][vc_empty_space height=&#8221;160px&#8221;][vc_empty_space height=&#8221;30px&#8221;][vc_empty_space height=&#8221;300px&#8221;][\/vc_column][\/vc_row][vc_row css=&#8221;.vc_custom_1531218125315{padding-top: 80px !important;padding-bottom: 100px !important;}&#8221;][vc_column width=&#8221;1\/2&#8243;][vc_custom_heading text=&#8221;O nas&#8221; font_container=&#8221;tag:h5|text_align:left&#8221; use_theme_fonts=&#8221;yes&#8221;][vc_empty_space height=&#8221;25px&#8221;][vc_column_text] Firma MaxV zatrudnia wielu najwy\u017cszej klasy specjalist\u00f3w z bran\u017cy, w sk\u0142ad zespo\u0142u wchodz\u0105 zar\u00f3wno pracownicy biurowi, in\u017cynierowie-projektanci jak i pracownicy produkcji &#8211; specjali\u015bci z bran\u017cy tj. dziewiarze, konstruktorzy, [&hellip;]<\/p>\n","protected":false},"author":1,"featured_media":0,"parent":368,"menu_order":0,"comment_status":"closed","ping_status":"closed","template":"page.php","meta":{"ngg_post_thumbnail":0,"footnotes":""},"class_list":["post-1358","page","type-page","status-publish","hentry"],"_links":{"self":[{"href":"https:\/\/fimfi.com\/index.php?rest_route=\/wp\/v2\/pages\/1358","targetHints":{"allow":["GET"]}}],"collection":[{"href":"https:\/\/fimfi.com\/index.php?rest_route=\/wp\/v2\/pages"}],"about":[{"href":"https:\/\/fimfi.com\/index.php?rest_route=\/wp\/v2\/types\/page"}],"author":[{"embeddable":true,"href":"https:\/\/fimfi.com\/index.php?rest_route=\/wp\/v2\/users\/1"}],"replies":[{"embeddable":true,"href":"https:\/\/fimfi.com\/index.php?rest_route=%2Fwp%2Fv2%2Fcomments&post=1358"}],"version-history":[{"count":10,"href":"https:\/\/fimfi.com\/index.php?rest_route=\/wp\/v2\/pages\/1358\/revisions"}],"predecessor-version":[{"id":1537,"href":"https:\/\/fimfi.com\/index.php?rest_route=\/wp\/v2\/pages\/1358\/revisions\/1537"}],"up":[{"embeddable":true,"href":"https:\/\/fimfi.com\/index.php?rest_route=\/wp\/v2\/pages\/368"}],"wp:attachment":[{"href":"https:\/\/fimfi.com\/index.php?rest_route=%2Fwp%2Fv2%2Fmedia&parent=1358"}],"curies":[{"name":"wp","href":"https:\/\/api.w.org\/{rel}","templated":true}]}}