{"id":341,"date":"2020-07-01T14:05:15","date_gmt":"2020-07-01T14:05:15","guid":{"rendered":"http:\/\/demos.upperthemes.com\/alma\/site1\/?page_id=341"},"modified":"2024-05-10T15:09:52","modified_gmt":"2024-05-10T13:09:52","slug":"home-13","status":"publish","type":"page","link":"https:\/\/fimfi.com\/","title":{"rendered":"Home 13"},"content":{"rendered":"<p>[vc_row full_width=&#8221;stretch_row_content&#8221; full_height=&#8221;yes&#8221; bg_type=&#8221;image&#8221; parallax_style=&#8221;vcpb-default&#8221; bg_image_new=&#8221;id^1125|url^https:\/\/fimfi.com\/wp-content\/uploads\/2022\/08\/FOBYA_70-scaled.jpg|caption^null|alt^null|title^FOBYA_70|description^null&#8221; bg_image_repeat=&#8221;no-repeat&#8221; bg_override=&#8221;ex-full&#8221; enable_overlay=&#8221;enable_overlay_value&#8221; overlay_color=&#8221;rgba(0,0,0,0.11)&#8221;][vc_column width=&#8221;2\/3&#8243; el_class=&#8221;home-padding1 homef&#8221;]<div class=\"ult-spacer spacer-69dfec0aaceb5\" data-id=\"69dfec0aaceb5\" data-height=\"220\" data-height-mobile=\"100\" data-height-tab=\"150\" data-height-tab-portrait=\"200\" data-height-mobile-landscape=\"200\" style=\"clear:both;display:block;\"><\/div><div class=\"ult-animation  ult-animate-viewport  ult-no-mobile \" data-animate=\"fadeInUp\" data-animation-delay=\"0.3\" data-animation-duration=\"1\" data-animation-iteration=\"1\" style=\"opacity:0;\" data-opacity_start_effect=\"\">[vc_custom_heading text=&#8221;fimfi &#8211; tworzymy z pasj\u0105&#8221; font_container=&#8221;tag:h3|text_align:left|color:%23ffffff&#8221; use_theme_fonts=&#8221;yes&#8221; css=&#8221;.vc_custom_1714046631936{margin-bottom: -10px !important;}&#8221;][vc_empty_space height=&#8221;20px&#8221;]<div id=\"uvc-type-wrap-8626\"  data-ultimate-target='#uvc-type-wrap-8626'  data-responsive-json-new='{\"font-size\":\"desktop:100px;tablet:100px;tablet_portrait:80px;mobile_landscape:70px;mobile:40px;\",\"line-height\":\"desktop:120px;tablet:120px;tablet_portrait:100px;mobile_landscape:90px;mobile:40px;\"}'  class=\"uvc-type-wrap  ult-adjust-bottom-margin ult-responsive medium-letter-spacing uvc-type-align-left uvc-type-no-prefix uvc-wrap-143845830769dfec0aacf40\" style=\"text-align:left;\"><span id=\"typed-143845830769dfec0aacf40\" class=\"ultimate-typed-main \" style=\"color:#ffffff; font-family:&#039;Dosis&#039;;font-weight:600; text-transform: uppercase;\"><\/span><script type=\"text\/javascript\"> \n\t\t\t\t\t\tjQuery(function($){ \n\t\t\t\t\t\t\t$(document).ready(function(){\n\t\t\t\t\t\t\t\tif( typeof jQuery(\"#typed-143845830769dfec0aacf40\").typed == \"function\"){\n\t\t\t\t\t\t\t\t\t$(\"#typed-143845830769dfec0aacf40\").typed({\n\t\t\t\t\t\t\t\t\t\tstrings: [\"Do\u015bwiadczenie\",\"Technologia\",\"Kreatywno\u015b\u0107\"],\n\t\t\t\t\t\t\t\t\t\ttypeSpeed: 105,\n\t\t\t\t\t\t\t\t\t\tbackSpeed: 0,\n\t\t\t\t\t\t\t\t\t\tstartDelay: 200,\n\t\t\t\t\t\t\t\t\t\tbackDelay: 1500,\n\t\t\t\t\t\t\t\t\t\tloop: true,\n\t\t\t\t\t\t\t\t\t\tloopCount: false,\n\t\t\t\t\t\t\t\t\t\tshowCursor: true,\n\t\t\t\t\t\t\t\t\t\tcursorChar: \"|\",\n\t\t\t\t\t\t\t\t\t\tattr: null\n\t\t\t\t\t\t\t\t\t});\n\t\t\t\t\t\t\t\t}\n\t\t\t\t\t\t\t});\n\t\t\t\t\t\t});\n\t\t\t\t\t<\/script><style>\n\t\t\t\t\t\t\t.uvc-wrap-143845830769dfec0aacf40 .typed-cursor {\n\t\t\t\t\t\t\t\tcolor:__USE_THEME_MAIN_COLOR__;\n\t\t\t\t\t\t\t}\n\t\t\t\t\t\t<\/style><\/div>[vc_empty_space height=&#8221;50px&#8221;][vc_btn title=&#8221;WI\u0118CEJ O NAS&#8221; style=&#8221;gradient-custom&#8221; gradient_custom_color_1=&#8221;#c9c9c9&#8243; gradient_custom_color_2=&#8221;#dd9933&#8243; shape=&#8221;round&#8221; size=&#8221;lg&#8221; link=&#8221;url:%23home-freelancer-about|||&#8221; el_class=&#8221;nav-to&#8221;]<\/div><div class=\"ult-spacer spacer-69dfec0aad00a\" data-id=\"69dfec0aad00a\" data-height=\"250\" data-height-mobile=\"100\" data-height-tab=\"150\" data-height-tab-portrait=\"200\" data-height-mobile-landscape=\"200\" style=\"clear:both;display:block;\"><\/div>[\/vc_column][vc_column width=&#8221;1\/3&#8243;][\/vc_column][\/vc_row][vc_row full_width=&#8221;stretch_row_content_no_spaces&#8221; full_height=&#8221;yes&#8221; bg_type=&#8221;bg_color&#8221; bg_override=&#8221;ex-full&#8221; el_id=&#8221;home-freelancer-about&#8221; bg_color_value=&#8221;#ffffff&#8221;][vc_column width=&#8221;1\/2&#8243; el_class=&#8221;home-padding1&#8243;]<div class=\"ult-spacer spacer-69dfec0aad01b\" data-id=\"69dfec0aad01b\" data-height=\"80\" data-height-mobile=\"50\" data-height-tab=\"\" data-height-tab-portrait=\"50\" data-height-mobile-landscape=\"50\" style=\"clear:both;display:block;\"><\/div>[vc_custom_heading text=&#8221;Nasz Cel i Nasza Historia&#8221; use_theme_fonts=&#8221;yes&#8221;][vc_empty_space height=&#8221;10px&#8221;][vc_custom_heading text=&#8221;Nasz Cel&#8221; font_container=&#8221;tag:p|font_size:22px|text_align:left&#8221; use_theme_fonts=&#8221;yes&#8221; el_class=&#8221;no-letter-spacing&#8221;][vc_empty_space height=&#8221;15px&#8221;][vc_column_text]<\/p>\n<p style=\"text-align: center;\">Naszym celem jest wykorzystywaniu najbardziej innowacyjnych technologii dzi\u0119ki czemu dostarczamy najbardziej zr\u00f3wnowa\u017cone rozwi\u0105zania.<\/p>\n<p>[\/vc_column_text][vc_empty_space height=&#8221;10px&#8221;][vc_custom_heading text=&#8221;Nasza Historia&#8221; font_container=&#8221;tag:p|font_size:22px|text_align:left&#8221; use_theme_fonts=&#8221;yes&#8221; el_class=&#8221;no-letter-spacing&#8221;][vc_empty_space height=&#8221;15px&#8221;][vc_column_text]<\/p>\n<p style=\"text-align: justify;\">&nbsp; Jeste\u015bmy firm\u0105 z wieloletnim do\u015bwiadczeniem i ugruntowan\u0105 pozycj\u0105. Jej pocz\u0105tki to koniec lat 80\u2019, trudny czas dla kraj\u00f3w z bloku wschodniego Europy, ale jednocze\u015bnie idealny start dla firmy z Polski. Sama tradycja bran\u017cy tekstylnej w MaxV.com si\u0119ga czas\u00f3w II Wojny \u015awiatowej, kiedy to dziadek za\u0142o\u017cyciela naszej fabryki otworzy\u0142 sw\u00f3j zak\u0142ad tekstylny, by na przek\u00f3r czasom i otaczaj\u0105cej rzeczywisto\u015bci, d\u0105\u017cy\u0107 do realizacji swoich marze\u0144 i ambicji.<\/p>\n<p style=\"text-align: justify;\">&nbsp; Przez lata swojej dzia\u0142alno\u015bci postawili\u015bmy przede wszystkim na ci\u0105g\u0142y rozw\u00f3j i nowe technologie, dlatego nasza firma zapewni Ci dost\u0119p do zaawansowanej technologii i know-how z zakresu dziania tr\u00f3jwymiarowego 3D-knitting. Produkty 3D-knitted s\u0105 tworzone za pomoc\u0105 p\u0142askich maszyn dziewiarskich dostarczanych przez niemieckiego producenta STOLL. Technologia knitendwear to produkty dziane tr\u00f3jwymiarowo nie posiadaj\u0105 szw\u00f3w, co daje korzy\u015bci niedost\u0119pne w \u017cadnym innym rodzaju odzie\u017cy.<\/p>\n<p style=\"text-align: justify;\">&nbsp; Z nami uzyskasz nie tylko najwy\u017csz\u0105 jako\u015b\u0107 dziania swoich produkt\u00f3w, ale r\u00f3wnie\u017c zaoszcz\u0119dzisz czas i pieni\u0105dze a conajwa\u017cniejsze dla nas, postawisz na dobro naszej planety.<\/p>\n<p>[\/vc_column_text][vc_empty_space height=&#8221;15px&#8221;][vc_custom_heading text=&#8221;Aneta Golisz&#8221; font_container=&#8221;tag:h3|text_align:left&#8221; google_fonts=&#8221;font_family:Nothing%20You%20Could%20Do%3Aregular|font_style:400%20regular%3A400%3Anormal&#8221; el_class=&#8221;homesignature&#8221;][vc_empty_space height=&#8221;40px&#8221;][vc_empty_space height=&#8221;40px&#8221;][vc_empty_space height=&#8221;20px&#8221;][vc_empty_space height=&#8221;10px&#8221;]<div class=\"ult-spacer spacer-69dfec0aad02a\" data-id=\"69dfec0aad02a\" data-height=\"\" data-height-mobile=\"50\" data-height-tab=\"\" data-height-tab-portrait=\"50\" data-height-mobile-landscape=\"50\" style=\"clear:both;display:block;\"><\/div>[\/vc_column][vc_column width=&#8221;1\/2&#8243; css=&#8221;.vc_custom_1688025413137{padding-top: 80px !important;}&#8221;][vc_single_image image=&#8221;1122&#8243; img_size=&#8221;full&#8221; alignment=&#8221;right&#8221;][\/vc_column][\/vc_row][vc_row full_width=&#8221;stretch_row_content_no_spaces&#8221; content_placement=&#8221;middle&#8221; enable_overlay=&#8221;enable_overlay_value&#8221; multi_color_overlay=&#8221;uvc-multi-color-bg&#8221; multi_color_overlay_opacity=&#8221;50&#8243; css=&#8221;.vc_custom_1660128624000{background-color: #bfbfbf !important;}&#8221;][vc_column width=&#8221;1\/3&#8243; el_class=&#8221;max-wide-box&#8221;]<div class=\"ult-content-box-container \" >\t\t<div class=\"ult-content-box\" style=\"background-color:#e1c5ba;box-shadow: px px px px none;padding:80px;-webkit-transition: all 700ms ease;-moz-transition: all 700ms ease;-ms-transition: all 700ms ease;-o-transition: all 700ms ease;transition: all 700ms ease;\"  data-hover_box_shadow=\"none\"     data-bg=\"#e1c5ba\" ><div class=\"ult-just-icon-wrapper  \"><div class=\"align-icon\" style=\"text-align:center;\">\n<div class=\"aio-icon none \"  style=\"color:#ffffff;font-size:80px;display:inline-block;\">\n\t<i class=\"Defaults-h-square\"><\/i>\n<\/div><\/div><\/div>[vc_empty_space height=&#8221;20px&#8221;][vc_custom_heading text=&#8221;NASZA HISTORIA&#8221; font_container=&#8221;tag:h4|text_align:center|color:%23ffffff&#8221; use_theme_fonts=&#8221;yes&#8221; el_class=&#8221;align-center&#8221; link=&#8221;url:https%3A%2F%2Ffimfi.com%2F%3Fpage_id%3D1332|title:Historia&#8221;][vc_column_text]<\/p>\n<p style=\"text-align: center;\"><span style=\"color: #ffffff;\">30 lat do\u015bwiadczenia w bran\u017cy dziewiarskiej<\/span>[\/vc_column_text][vc_empty_space height=&#8221;20px&#8221;]\t\t<\/div><\/div>[\/vc_column][vc_column width=&#8221;1\/3&#8243; el_class=&#8221;max-wide-box&#8221; css=&#8221;.vc_custom_1660651999653{background-color: __USE_THEME_MAIN_COLOR__ !important;}&#8221;]<div class=\"ult-content-box-container \" >\t\t<div class=\"ult-content-box\" style=\"background-color:#d6a1af;box-shadow: px px px px none;padding:80px;-webkit-transition: all 700ms ease;-moz-transition: all 700ms ease;-ms-transition: all 700ms ease;-o-transition: all 700ms ease;transition: all 700ms ease;\"  data-hover_box_shadow=\"none\"     data-bg=\"#d6a1af\" ><div class=\"ult-just-icon-wrapper  \"><div class=\"align-icon\" style=\"text-align:center;\">\n<div class=\"aio-icon none \"  style=\"color:#ffffff;font-size:80px;display:inline-block;\">\n\t<i class=\"linearicons-construction\"><\/i>\n<\/div><\/div><\/div>[vc_empty_space height=&#8221;20px&#8221;][vc_custom_heading text=&#8221;PARK MASZYNOWY&#8221; font_container=&#8221;tag:h4|text_align:center|color:%23ffffff&#8221; use_theme_fonts=&#8221;yes&#8221; el_class=&#8221;align-center&#8221; link=&#8221;url:https%3A%2F%2Ffimfi.com%2F%3Fpage_id%3D1206|title:Park%20Maszynowy&#8221;][vc_column_text]<\/p>\n<p style=\"text-align: center;\"><span style=\"color: #000000;\"><span style=\"color: #ffffff;\">Najbardziej zaawansowany technologicznie park maszyn firmy STOLL<\/span><br \/>\n<\/span>[\/vc_column_text][vc_empty_space height=&#8221;20px&#8221;]\t\t<\/div><\/div>[\/vc_column][vc_column width=&#8221;1\/3&#8243; el_class=&#8221;max-wide-box&#8221;]<div class=\"ult-content-box-container \" >\t\t<div class=\"ult-content-box\" style=\"background-color:#8f9eae;box-shadow: px px px px none;padding:80px;-webkit-transition: all 700ms ease;-moz-transition: all 700ms ease;-ms-transition: all 700ms ease;-o-transition: all 700ms ease;transition: all 700ms ease;\"  data-hover_box_shadow=\"none\"     data-bg=\"#8f9eae\" ><div class=\"ult-just-icon-wrapper  \"><div class=\"align-icon\" style=\"text-align:center;\">\n<div class=\"aio-icon none \"  style=\"color:#ffffff;font-size:80px;display:inline-block;\">\n\t<i class=\"Defaults-user\"><\/i>\n<\/div><\/div><\/div>[vc_empty_space height=&#8221;20px&#8221;][vc_custom_heading text=&#8221;LUDZIE&#8221; font_container=&#8221;tag:h4|text_align:center|color:%23ffffff&#8221; use_theme_fonts=&#8221;yes&#8221; el_class=&#8221;align-center&#8221; link=&#8221;url:https%3A%2F%2Ffimfi.com%2F%3Fpage_id%3D1358|title:Team&#8221;][vc_column_text]<\/p>\n<p style=\"text-align: center;\"><span style=\"color: #ffffff;\">Wiedza i mo\u017cliwo\u015bci, za kt\u00f3rymi stoi kadra najwy\u017cszej klasy specjalist\u00f3w w bran\u017cy <\/span><\/p>\n<p>[\/vc_column_text][vc_empty_space height=&#8221;20px&#8221;]\t\t<\/div><\/div>[\/vc_column][\/vc_row][vc_row bg_type=&#8221;bg_color&#8221; css=&#8221;.vc_custom_1660035948229{margin-top: 100px !important;margin-bottom: 100px !important;}&#8221; bg_color_value=&#8221;#ffffff&#8221;][vc_column][vc_custom_heading text=&#8221;NASZE PRODUKTY&#8221; font_container=&#8221;tag:h2|text_align:center&#8221; use_theme_fonts=&#8221;yes&#8221; el_class=&#8221;align-center&#8221;][vc_empty_space height=&#8221;10px&#8221;][vc_row_inner][vc_column_inner width=&#8221;1\/6&#8243;][\/vc_column_inner][vc_column_inner width=&#8221;2\/3&#8243;][vc_column_text]<\/p>\n<p style=\"text-align: center;\">&nbsp;Nasza produkcja to nie tylko wyj\u0105tkowe swetry czy kardigany, ale r\u00f3wnie\u017c sukienki, sp\u00f3dnice, spodnie, odzie\u017c pla\u017cowa.<\/p>\n<p>[\/vc_column_text][\/vc_column_inner][vc_column_inner width=&#8221;1\/6&#8243;][\/vc_column_inner][\/vc_row_inner][vc_empty_space height=&#8221;30px&#8221;]<style type='text\/css'>#cbpw-wrap182 {margin:0px 0px 0px 0px;}#cbpw-grid182 .cbp-l-caption-title {color:#fafafa;background-color:transparent;font-size:18px;font-family:Dosis;font-weight:500;font-style:normal;line-height:21px;text-align:center;padding:0px 0px 0px 0px;margin:0px 0px 0px 0px;text-transform:uppercase;}#cbpw-grid182 .cbp-l-caption-desc {color:#edd7d3;background-color:transparent;font-size:11px;font-family:Open Sans;font-weight:500;font-style:normal;line-height:16px;text-align:center;padding:0px 0px 0px 0px;margin:0px 0px 0px 0px;text-transform:none;}#cbpw-grid182 .cbp-caption-activeWrap {background-color:#d3aaa3;}#cbpw-loadMore182 .cbp-l-loadMore-link {color:#212121;background-color:transparent;border-width:1px 1px 1px 1px;border-style:solid;border-color:#303030;font-size:12px;font-family:Dosis;font-weight:500;font-style:normal;line-height:34px;text-align:center;padding:0px 30px 0px 30px;margin:40px 0px 0px 0px;text-transform:none;}#cbpw-loadMore182 .cbp-l-loadMore-link:hover {color:#212121;background-color:transparent;border-width:1px 1px 1px 1px;border-style:solid;border-color:#303030;font-size:12px;font-family:Dosis;font-weight:500;font-style:normal;line-height:34px;text-align:center;padding:0px 30px 0px 30px;margin:40px 0px 0px 0px;text-transform:none;}#cbpw-loadMore182 .cbp-l-loadMore-loading {color:#212121;background-color:transparent;border-width:1px 1px 1px 1px;border-style:solid;border-color:#303030;font-size:12px;font-family:Dosis;font-weight:500;font-style:normal;line-height:34px;text-align:center;padding:0px 30px 0px 30px;margin:40px 0px 0px 0px;text-transform:none;}#cbpw-loadMore182 .cbp-l-loadMore-loading:hover {color:#212121;background-color:transparent;border-width:1px 1px 1px 1px;border-style:solid;border-color:#303030;font-size:12px;font-family:Dosis;font-weight:500;font-style:normal;line-height:34px;text-align:center;padding:0px 30px 0px 30px;margin:40px 0px 0px 0px;text-transform:none;}#cbpw-loadMore182 .cbp-l-loadMore-stop {color:#B0B0B0;background-color:transparent;border-width:1px 1px 1px 1px;border-style:solid;border-color:#DEDEDE;font-size:12px;font-family:Dosis;font-weight:500;font-style:normal;line-height:34px;text-align:center;padding:0px 30px 0px 30px;margin:40px 0px 0px 0px;text-transform:none;}#cbpw-loadMore182 .cbp-l-loadMore-stop:hover {color:#B0B0B0;background-color:transparent;border-width:1px 1px 1px 1px;border-style:solid;border-color:#DEDEDE;font-size:12px;font-family:Dosis;font-weight:500;font-style:normal;line-height:34px;text-align:center;padding:0px 30px 0px 30px;margin:40px 0px 0px 0px;text-transform:none;}#cbpw-singlePage182 .cbp-popup-navigation-wrap {background-color:#34425C;}#cbpw-singlePage182 .cbp-popup-singlePage-counter {color:#bbc0df;font-size:13px;font-family:Open Sans;font-weight:400;font-style:normal;}<\/style><link rel=\"stylesheet\" href=\"\/\/fonts.googleapis.com\/css?family=Dosis:500normal\" type=\"text\/css\" media=\"all\" property=\"stylesheet\"><link rel=\"stylesheet\" href=\"\/\/fonts.googleapis.com\/css?family=Open+Sans:500normal,400normal\" type=\"text\/css\" media=\"all\" property=\"stylesheet\"><div id=\"cbpw-wrap182\"><div id=\"cbpw-grid182\" class=\"cbp-l-grid-gallery cbp\"><div><div class=\"cbp-item des-project slider\"><a href=\"\/\/fimfi.com\/portfolio\/kardigany\/\" class=\"cbp-caption cbp-singlePageInline\" data-title=\"Blake Personal Watch\" data-cbp-selector=\"automatically\"><div class=\"cbp-caption-defaultWrap\"><img decoding=\"async\" src=\"\/\/fimfi.com\/wp-content\/uploads\/2022\/08\/F742-ECRU.jpg\" alt=\"\"><\/div><div class=\"cbp-caption-activeWrap\"><div class=\"cbp-l-caption-alignLeft\"><div class=\"cbp-l-caption-body\"><div class=\"cbp-l-caption-title\">Kardigany<\/div><\/div><\/div><\/div><\/a><\/div><div class=\"cbp-item des-project slider\"><a href=\"\/\/fimfi.com\/portfolio\/swetry\/\" class=\"cbp-caption cbp-singlePageInline\" data-title=\"Blake Personal Watch\" data-cbp-selector=\"automatically\"><div class=\"cbp-caption-defaultWrap\"><img decoding=\"async\" src=\"\/\/fimfi.com\/wp-content\/uploads\/2022\/08\/FOBYA_15_WEB.jpg\" alt=\"\"><\/div><div class=\"cbp-caption-activeWrap\"><div class=\"cbp-l-caption-alignLeft\"><div class=\"cbp-l-caption-body\"><div class=\"cbp-l-caption-title\">Swetry<\/div><\/div><\/div><\/div><\/a><\/div><div class=\"cbp-item des-project slider\"><a href=\"\/\/fimfi.com\/portfolio\/chunky\/\" class=\"cbp-caption cbp-singlePageInline\" data-title=\"Blake Personal Watch\" data-cbp-selector=\"automatically\"><div class=\"cbp-caption-defaultWrap\"><img decoding=\"async\" src=\"\/\/fimfi.com\/wp-content\/uploads\/2022\/08\/F1555_espresso.jpg\" alt=\"\"><\/div><div class=\"cbp-caption-activeWrap\"><div class=\"cbp-l-caption-alignLeft\"><div class=\"cbp-l-caption-body\"><div class=\"cbp-l-caption-title\">Chunky Knit<\/div><\/div><\/div><\/div><\/a><\/div><\/div><\/div><\/div><script type=\"text\/javascript\">this.initCubePortfolio =  this.initCubePortfolio || []; this.initCubePortfolio.push({id: 182, options: {\"filters\":\"\",\"loadMore\":\"\",\"loadMoreAction\":\"click\",\"search\":\"\",\"layoutMode\":\"grid\",\"sortToPreventGaps\":false,\"drag\":true,\"auto\":false,\"autoTimeout\":5000,\"autoPauseOnHover\":true,\"showNavigation\":true,\"showPagination\":true,\"rewindNav\":true,\"scrollByPage\":false,\"defaultFilter\":\"*\",\"filterDeeplinking\":false,\"animationType\":\"flipOut\",\"gridAdjustment\":\"responsive\",\"mediaQueries\":[{\"width\":1400,\"cols\":3},{\"width\":1170,\"cols\":3},{\"width\":1024,\"cols\":3},{\"width\":960,\"cols\":3},{\"width\":778,\"cols\":3},{\"width\":640,\"cols\":2},{\"width\":480,\"cols\":1}],\"gapHorizontal\":10,\"gapVertical\":10,\"caption\":\"overlayBottom\",\"displayType\":\"bottomToTop\",\"displayTypeSpeed\":200,\"lightboxDelegate\":\".cbp-lightbox\",\"lightboxGallery\":true,\"lightboxTitleSrc\":\"data-title\",\"lightboxCounter\":\"<div class=\\\"cbp-popup-lightbox-counter\\\">{{current}} of {{total}}<\/div>\",\"singlePageDelegate\":\".cbp-singlePage\",\"singlePageDeeplinking\":true,\"singlePageStickyNavigation\":true,\"singlePageCounter\":\"<div class=\\\"cbp-popup-singlePage-counter\\\">{{current}} of {{total}}<\/div>\",\"singlePageAnimation\":\"middle\",\"singlePageInlineDelegate\":\".cbp-singlePageInline\",\"singlePageInlineDeeplinking\":false,\"singlePageInlinePosition\":\"below\",\"singlePageInlineInFocus\":true,\"plugins\":{},\"cols\":3,\"coverRatio\":\"\",\"displayItemsLoadMore\":3}});<\/script>[\/vc_column][\/vc_row][vc_row full_width=&#8221;stretch_row_content_no_spaces&#8221; bg_type=&#8221;image&#8221; parallax_style=&#8221;vcpb-default&#8221; bg_image_new=&#8221;id^1266|url^https:\/\/fimfi.com\/wp-content\/uploads\/2022\/08\/pracuj_z_nami.jpg|caption^null|alt^null|title^pracuj_z_nami|description^null&#8221; bg_override=&#8221;ex-full&#8221; enable_overlay=&#8221;enable_overlay_value&#8221; overlay_color=&#8221;rgba(0,0,0,0.7)&#8221; css=&#8221;.vc_custom_1660128422876{padding-top: 130px !important;padding-bottom: 130px !important;}&#8221;][vc_column][vc_custom_heading text=&#8221;PRACUJ Z NAMI&#8221; font_container=&#8221;tag:h3|text_align:center|color:%23fcfcfc&#8221; use_theme_fonts=&#8221;yes&#8221; el_class=&#8221;align-center&#8221;][vc_btn title=&#8221;Wsp\u00f3\u0142praca&#8221; style=&#8221;custom&#8221; custom_background=&#8221;rgba(183,183,183,0.48)&#8221; custom_text=&#8221;#ffffff&#8221; shape=&#8221;round&#8221; align=&#8221;center&#8221; css_animation=&#8221;none&#8221; link=&#8221;url:https%3A%2F%2Ffimfi.com%2F%3Fpage_id%3D524|title:Wsp%C3%B3%C5%82praca&#8221;][\/vc_column][\/vc_row][vc_row bg_type=&#8221;bg_color&#8221; bg_override=&#8221;ex-full&#8221; css=&#8221;.vc_custom_1593612479930{padding-top: 30px !important;padding-bottom: 25px !important;}&#8221; bg_color_value=&#8221;#7c8a98&#8243;][vc_column css_animation=&#8221;fadeInUp&#8221;][\/vc_column][\/vc_row]<\/p>\n","protected":false},"excerpt":{"rendered":"<p>[vc_row full_width=&#8221;stretch_row_content&#8221; full_height=&#8221;yes&#8221; bg_type=&#8221;image&#8221; parallax_style=&#8221;vcpb-default&#8221; bg_image_new=&#8221;id^1125|url^https:\/\/fimfi.com\/wp-content\/uploads\/2022\/08\/FOBYA_70-scaled.jpg|caption^null|alt^null|title^FOBYA_70|description^null&#8221; bg_image_repeat=&#8221;no-repeat&#8221; bg_override=&#8221;ex-full&#8221; enable_overlay=&#8221;enable_overlay_value&#8221; overlay_color=&#8221;rgba(0,0,0,0.11)&#8221;][vc_column width=&#8221;2\/3&#8243; el_class=&#8221;home-padding1 homef&#8221;][\/vc_column][vc_column width=&#8221;1\/3&#8243;][\/vc_column][\/vc_row][vc_row full_width=&#8221;stretch_row_content_no_spaces&#8221; full_height=&#8221;yes&#8221; bg_type=&#8221;bg_color&#8221; bg_override=&#8221;ex-full&#8221; el_id=&#8221;home-freelancer-about&#8221; bg_color_value=&#8221;#ffffff&#8221;][vc_column width=&#8221;1\/2&#8243; el_class=&#8221;home-padding1&#8243;][vc_custom_heading text=&#8221;Nasz Cel i Nasza Historia&#8221; use_theme_fonts=&#8221;yes&#8221;][vc_empty_space height=&#8221;10px&#8221;][vc_custom_heading text=&#8221;Nasz Cel&#8221; font_container=&#8221;tag:p|font_size:22px|text_align:left&#8221; use_theme_fonts=&#8221;yes&#8221; el_class=&#8221;no-letter-spacing&#8221;][vc_empty_space height=&#8221;15px&#8221;][vc_column_text] Naszym celem jest wykorzystywaniu najbardziej innowacyjnych technologii dzi\u0119ki czemu dostarczamy najbardziej zr\u00f3wnowa\u017cone rozwi\u0105zania. [\/vc_column_text][vc_empty_space height=&#8221;10px&#8221;][vc_custom_heading text=&#8221;Nasza Historia&#8221; font_container=&#8221;tag:p|font_size:22px|text_align:left&#8221; use_theme_fonts=&#8221;yes&#8221; el_class=&#8221;no-letter-spacing&#8221;][vc_empty_space [&hellip;]<\/p>\n","protected":false},"author":1,"featured_media":0,"parent":7,"menu_order":0,"comment_status":"closed","ping_status":"closed","template":"page.php","meta":{"ngg_post_thumbnail":0,"footnotes":""},"class_list":["post-341","page","type-page","status-publish","hentry"],"_links":{"self":[{"href":"https:\/\/fimfi.com\/index.php?rest_route=\/wp\/v2\/pages\/341","targetHints":{"allow":["GET"]}}],"collection":[{"href":"https:\/\/fimfi.com\/index.php?rest_route=\/wp\/v2\/pages"}],"about":[{"href":"https:\/\/fimfi.com\/index.php?rest_route=\/wp\/v2\/types\/page"}],"author":[{"embeddable":true,"href":"https:\/\/fimfi.com\/index.php?rest_route=\/wp\/v2\/users\/1"}],"replies":[{"embeddable":true,"href":"https:\/\/fimfi.com\/index.php?rest_route=%2Fwp%2Fv2%2Fcomments&post=341"}],"version-history":[{"count":99,"href":"https:\/\/fimfi.com\/index.php?rest_route=\/wp\/v2\/pages\/341\/revisions"}],"predecessor-version":[{"id":1793,"href":"https:\/\/fimfi.com\/index.php?rest_route=\/wp\/v2\/pages\/341\/revisions\/1793"}],"up":[{"embeddable":true,"href":"https:\/\/fimfi.com\/index.php?rest_route=\/wp\/v2\/pages\/7"}],"wp:attachment":[{"href":"https:\/\/fimfi.com\/index.php?rest_route=%2Fwp%2Fv2%2Fmedia&parent=341"}],"curies":[{"name":"wp","href":"https:\/\/api.w.org\/{rel}","templated":true}]}}