{"id":524,"date":"2020-07-02T13:12:13","date_gmt":"2020-07-02T13:12:13","guid":{"rendered":"http:\/\/demos.upperthemes.com\/alma\/site1\/?page_id=524"},"modified":"2023-06-29T08:52:33","modified_gmt":"2023-06-29T06:52:33","slug":"wspolpraca","status":"publish","type":"page","link":"https:\/\/fimfi.com\/?page_id=524","title":{"rendered":"Wsp\u00f3\u0142praca"},"content":{"rendered":"<p>[vc_row bg_type=&#8221;bg_color&#8221; bg_override=&#8221;ex-full&#8221; css=&#8221;.vc_custom_1591888186702{padding-top: 80px !important;}&#8221; bg_color_value=&#8221;#ffffff&#8221;][vc_column css_animation=&#8221;fadeInUp&#8221;][vc_custom_heading text=&#8221;Zasady wsp\u00f3\u0142pracy&#8221; font_container=&#8221;tag:h1|font_size:30px|text_align:center&#8221; use_theme_fonts=&#8221;yes&#8221; el_class=&#8221;align-center&#8221;][vc_empty_space height=&#8221;10px&#8221;][vc_column_text]<\/p>\n<h5 style=\"text-align: center;\">Wykorzystuj\u0105c nasze 30-letnie do\u015bwiadczenie, innowacyjno\u015b\u0107 technologiczn\u0105 oraz kreatywno\u015b\u0107 wykwalifikowanego zespo\u0142u, jeste\u015bmy w stanie zrobi\u0107 dla was wszystko. Nasi najlepsi specjali\u015bci z bran\u017cy s\u0105 gwarantem wsp\u00f3lnego sukcesu.<\/h5>\n<p>&nbsp;<\/p>\n<h5 style=\"text-align: center;\">Zapraszamy do kontaktu:<\/h5>\n<h5 style=\"text-align: center;\">email: maxv@fimfi.com<\/h5>\n<h5 style=\"text-align: center;\">tel: +48 603627246<\/h5>\n<p>[\/vc_column_text][\/vc_column][\/vc_row][vc_row][vc_column][vc_empty_space height=&#8221;80px&#8221;][\/vc_column][\/vc_row]<\/p>\n","protected":false},"excerpt":{"rendered":"<p>[vc_row bg_type=&#8221;bg_color&#8221; bg_override=&#8221;ex-full&#8221; css=&#8221;.vc_custom_1591888186702{padding-top: 80px !important;}&#8221; bg_color_value=&#8221;#ffffff&#8221;][vc_column css_animation=&#8221;fadeInUp&#8221;][vc_custom_heading text=&#8221;Zasady wsp\u00f3\u0142pracy&#8221; font_container=&#8221;tag:h1|font_size:30px|text_align:center&#8221; use_theme_fonts=&#8221;yes&#8221; el_class=&#8221;align-center&#8221;][vc_empty_space height=&#8221;10px&#8221;][vc_column_text] Wykorzystuj\u0105c nasze 30-letnie do\u015bwiadczenie, innowacyjno\u015b\u0107 technologiczn\u0105 oraz kreatywno\u015b\u0107 wykwalifikowanego zespo\u0142u, jeste\u015bmy w stanie zrobi\u0107 dla was wszystko. Nasi najlepsi specjali\u015bci z bran\u017cy s\u0105 gwarantem wsp\u00f3lnego sukcesu. &nbsp; Zapraszamy do kontaktu: email: maxv@fimfi.com tel: +48 603627246 [\/vc_column_text][\/vc_column][\/vc_row][vc_row][vc_column][vc_empty_space height=&#8221;80px&#8221;][\/vc_column][\/vc_row]<\/p>\n","protected":false},"author":1,"featured_media":0,"parent":368,"menu_order":0,"comment_status":"closed","ping_status":"closed","template":"page.php","meta":{"ngg_post_thumbnail":0,"footnotes":""},"class_list":["post-524","page","type-page","status-publish","hentry"],"_links":{"self":[{"href":"https:\/\/fimfi.com\/index.php?rest_route=\/wp\/v2\/pages\/524","targetHints":{"allow":["GET"]}}],"collection":[{"href":"https:\/\/fimfi.com\/index.php?rest_route=\/wp\/v2\/pages"}],"about":[{"href":"https:\/\/fimfi.com\/index.php?rest_route=\/wp\/v2\/types\/page"}],"author":[{"embeddable":true,"href":"https:\/\/fimfi.com\/index.php?rest_route=\/wp\/v2\/users\/1"}],"replies":[{"embeddable":true,"href":"https:\/\/fimfi.com\/index.php?rest_route=%2Fwp%2Fv2%2Fcomments&post=524"}],"version-history":[{"count":22,"href":"https:\/\/fimfi.com\/index.php?rest_route=\/wp\/v2\/pages\/524\/revisions"}],"predecessor-version":[{"id":1517,"href":"https:\/\/fimfi.com\/index.php?rest_route=\/wp\/v2\/pages\/524\/revisions\/1517"}],"up":[{"embeddable":true,"href":"https:\/\/fimfi.com\/index.php?rest_route=\/wp\/v2\/pages\/368"}],"wp:attachment":[{"href":"https:\/\/fimfi.com\/index.php?rest_route=%2Fwp%2Fv2%2Fmedia&parent=524"}],"curies":[{"name":"wp","href":"https:\/\/api.w.org\/{rel}","templated":true}]}}